{"id":1,"date":"2019-12-07T16:59:00","date_gmt":"2019-12-07T15:59:00","guid":{"rendered":"http:\/\/hugoscurto.com\/?page_id=1"},"modified":"2026-01-20T18:43:46","modified_gmt":"2026-01-20T17:43:46","slug":"about","status":"publish","type":"page","link":"https:\/\/hugoscurto.com\/en\/about\/","title":{"rendered":"^^"},"content":{"rendered":"\n<p class=\"has-text-align-center wp-block-paragraph\">\u00b0<\/p>\n\n\n\n<div class=\"wp-block-columns is-layout-flex wp-container-core-columns-is-layout-8f761849 wp-block-columns-is-layout-flex\">\n<div class=\"wp-block-column is-layout-flow wp-block-column-is-layout-flow\" style=\"flex-basis:100%\">\n<div class=\"wp-block-columns are-vertically-aligned-top is-layout-flex wp-container-core-columns-is-layout-8f761849 wp-block-columns-is-layout-flex\">\n<div class=\"wp-block-column is-vertically-aligned-top is-layout-flow wp-block-column-is-layout-flow\"><div class=\"wp-block-image\">\n<figure class=\"aligncenter\"><a href=\"https:\/\/i0.wp.com\/hugoscurto.com\/wp-content\/uploads\/2023\/02\/PB120124-hugo.jpeg?ssl=1\" style=\"color:#000000;\" target=\"_blank\" rel=\"noopener noreferrer\"><img data-recalc-dims=\"1\" loading=\"lazy\" decoding=\"async\" width=\"924\" height=\"616\" data-attachment-id=\"6040\" data-permalink=\"https:\/\/hugoscurto.com\/en\/about\/pb120124-hugo\/\" data-orig-file=\"https:\/\/i0.wp.com\/hugoscurto.com\/wp-content\/uploads\/2023\/02\/PB120124-hugo.jpeg?fit=1281%2C854&amp;ssl=1\" data-orig-size=\"1281,854\" data-comments-opened=\"0\" data-image-meta=\"{&quot;aperture&quot;:&quot;4&quot;,&quot;credit&quot;:&quot;Claude GOURON&quot;,&quot;camera&quot;:&quot;E-M1MarkIII&quot;,&quot;caption&quot;:&quot;&quot;,&quot;created_timestamp&quot;:&quot;1668245992&quot;,&quot;copyright&quot;:&quot;claude.gouron@gmail.com&quot;,&quot;focal_length&quot;:&quot;57&quot;,&quot;iso&quot;:&quot;2500&quot;,&quot;shutter_speed&quot;:&quot;0.008&quot;,&quot;title&quot;:&quot;&quot;,&quot;orientation&quot;:&quot;1&quot;}\" data-image-title=\"PB120124 hugo\" data-image-description=\"\" data-image-caption=\"\" data-large-file=\"https:\/\/i0.wp.com\/hugoscurto.com\/wp-content\/uploads\/2023\/02\/PB120124-hugo.jpeg?fit=924%2C616&amp;ssl=1\" src=\"https:\/\/i0.wp.com\/hugoscurto.com\/wp-content\/uploads\/2023\/02\/PB120124-hugo.jpeg?resize=924%2C616&#038;ssl=1\" alt=\"\" class=\"wp-image-6040\" srcset=\"https:\/\/i0.wp.com\/hugoscurto.com\/wp-content\/uploads\/2023\/02\/PB120124-hugo.jpeg?resize=1024%2C683&amp;ssl=1 1024w, https:\/\/i0.wp.com\/hugoscurto.com\/wp-content\/uploads\/2023\/02\/PB120124-hugo.jpeg?resize=300%2C200&amp;ssl=1 300w, https:\/\/i0.wp.com\/hugoscurto.com\/wp-content\/uploads\/2023\/02\/PB120124-hugo.jpeg?resize=150%2C100&amp;ssl=1 150w, https:\/\/i0.wp.com\/hugoscurto.com\/wp-content\/uploads\/2023\/02\/PB120124-hugo.jpeg?resize=768%2C512&amp;ssl=1 768w, https:\/\/i0.wp.com\/hugoscurto.com\/wp-content\/uploads\/2023\/02\/PB120124-hugo.jpeg?resize=18%2C12&amp;ssl=1 18w, https:\/\/i0.wp.com\/hugoscurto.com\/wp-content\/uploads\/2023\/02\/PB120124-hugo.jpeg?resize=1200%2C800&amp;ssl=1 1200w, https:\/\/i0.wp.com\/hugoscurto.com\/wp-content\/uploads\/2023\/02\/PB120124-hugo.jpeg?resize=924%2C616&amp;ssl=1 924w, https:\/\/i0.wp.com\/hugoscurto.com\/wp-content\/uploads\/2023\/02\/PB120124-hugo.jpeg?resize=671%2C447&amp;ssl=1 671w, https:\/\/i0.wp.com\/hugoscurto.com\/wp-content\/uploads\/2023\/02\/PB120124-hugo.jpeg?w=1281&amp;ssl=1 1281w\" sizes=\"auto, (max-width: 924px) 100vw, 924px\" \/><\/a><\/figure>\n<\/div>\n\n\n<h6 class=\"wp-block-heading has-text-align-center\"><br><span style=\"color: #f5fe75;\"><em>Col sugiton photo souvenir,<\/em> Claude Gouron, 2022. <a href=\"https:\/\/www.facebook.com\/gouronubaye\/\" target=\"_blank\" rel=\"noopener\">url<\/a><\/span><\/h6>\n\n\n\n<h6 class=\"wp-block-heading has-text-align-center\"><span style=\"color: #f5fe75;\"><a href=\"mailto:o@hugoscurto.com\">contact<\/a><\/span><\/h6>\n<\/div>\n\n\n\n<div class=\"wp-block-column is-vertically-aligned-top is-layout-flow wp-block-column-is-layout-flow\">\n<p class=\"wp-block-paragraph\"><span style=\"color: #f5fe75;\">An artist, designer &amp; researcher born <span style=\"color: #f5fe75;\">1993<\/span><\/span> <span style=\"color: #f5fe75;\">in Marseille, <strong>Hugo Scurto<\/strong> <\/span>listens to, observes and learns from other livings, during workshops, residencies, errantries and performances.<\/p>\n\n\n\n<p class=\"wp-block-paragraph\">With and throughout these encounters, they craft digital music dispositifs, by carefully entangling artificial intelligence with collected materials.<\/p>\n\n\n\n<p class=\"wp-block-paragraph\">Their hybrid creations, installations, musics and applications, are experienced in artistic, scientific, educational and therapeutic contexts.<\/p>\n\n\n\n<p class=\"wp-block-paragraph\">A Normalien in Physics, Hugo completed a PhD at IRCAM, a pre-doctorate at Goldsmiths University of London &amp; three post-docs at \u00c9cole des Arts D\u00e9coratifs, with one at H\u00f4pital Piti\u00e9-Salp\u00eatri\u00e8re.<\/p>\n\n\n\n<p class=\"wp-block-paragraph\">Over the past ten years, they have been sharing their research-action-creation in many regions of France and around the world, in conferences, festivals, teachings or encounters.<\/p>\n\n\n\n<p class=\"wp-block-paragraph\">Their work regularly leads to transdisciplinary publications and collaborations, most recently with the <a href=\"https:\/\/hacnumedia.org\/\" target=\"_blank\" rel=\"noreferrer noopener\">HACNUM<\/a> network and the Association R\u00e9gionale pour l&#8217;Int\u00e9gration (<a href=\"https:\/\/www.ari.asso.fr\/\" target=\"_blank\" rel=\"noreferrer noopener\">ARI<\/a>).<\/p>\n<\/div>\n<\/div>\n<\/div>\n<\/div>\n\n\n\n<div class=\"wp-block-columns are-vertically-aligned-top is-layout-flex wp-container-core-columns-is-layout-8aa3364d wp-block-columns-is-layout-flex\" style=\"padding-top:2.5rem;padding-right:2.5rem;padding-bottom:2.5rem;padding-left:2.5rem\">\n<div class=\"wp-block-column is-vertically-aligned-top is-layout-flow wp-block-column-is-layout-flow\">\n<figure class=\"wp-block-image is-resized has-lightbox\"><a href=\"https:\/\/x.com\/hugoscurto\" style=\"color:#000000;\" target=\"_blank\" rel=\" noreferrer noopener\"><img data-recalc-dims=\"1\" loading=\"lazy\" decoding=\"async\" width=\"300\" height=\"300\" data-attachment-id=\"7118\" data-permalink=\"https:\/\/hugoscurto.com\/en\/about\/twitter-logo-silhouette\/\" data-orig-file=\"https:\/\/i0.wp.com\/hugoscurto.com\/wp-content\/uploads\/2024\/05\/twitter-logo-silhouette.png?fit=512%2C512&amp;ssl=1\" data-orig-size=\"512,512\" data-comments-opened=\"0\" data-image-meta=\"{&quot;aperture&quot;:&quot;0&quot;,&quot;credit&quot;:&quot;&quot;,&quot;camera&quot;:&quot;&quot;,&quot;caption&quot;:&quot;&quot;,&quot;created_timestamp&quot;:&quot;0&quot;,&quot;copyright&quot;:&quot;&quot;,&quot;focal_length&quot;:&quot;0&quot;,&quot;iso&quot;:&quot;0&quot;,&quot;shutter_speed&quot;:&quot;0&quot;,&quot;title&quot;:&quot;&quot;,&quot;orientation&quot;:&quot;0&quot;}\" data-image-title=\"twitter-logo-silhouette\" data-image-description=\"\" data-image-caption=\"\" data-large-file=\"https:\/\/i0.wp.com\/hugoscurto.com\/wp-content\/uploads\/2024\/05\/twitter-logo-silhouette.png?fit=512%2C512&amp;ssl=1\" src=\"https:\/\/i0.wp.com\/hugoscurto.com\/wp-content\/uploads\/2024\/05\/twitter-logo-silhouette.png?resize=300%2C300&#038;ssl=1\" alt=\"\" class=\"wp-image-7118\" style=\"width:20px;height:auto\" srcset=\"https:\/\/i0.wp.com\/hugoscurto.com\/wp-content\/uploads\/2024\/05\/twitter-logo-silhouette.png?resize=300%2C300&amp;ssl=1 300w, https:\/\/i0.wp.com\/hugoscurto.com\/wp-content\/uploads\/2024\/05\/twitter-logo-silhouette.png?resize=150%2C150&amp;ssl=1 150w, https:\/\/i0.wp.com\/hugoscurto.com\/wp-content\/uploads\/2024\/05\/twitter-logo-silhouette.png?resize=12%2C12&amp;ssl=1 12w, https:\/\/i0.wp.com\/hugoscurto.com\/wp-content\/uploads\/2024\/05\/twitter-logo-silhouette.png?resize=400%2C400&amp;ssl=1 400w, https:\/\/i0.wp.com\/hugoscurto.com\/wp-content\/uploads\/2024\/05\/twitter-logo-silhouette.png?resize=200%2C200&amp;ssl=1 200w, https:\/\/i0.wp.com\/hugoscurto.com\/wp-content\/uploads\/2024\/05\/twitter-logo-silhouette.png?resize=50%2C50&amp;ssl=1 50w, https:\/\/i0.wp.com\/hugoscurto.com\/wp-content\/uploads\/2024\/05\/twitter-logo-silhouette.png?w=512&amp;ssl=1 512w\" sizes=\"auto, (max-width: 300px) 100vw, 300px\" \/><\/a><\/figure>\n<\/div>\n\n\n\n<div class=\"wp-block-column is-vertically-aligned-top is-layout-flow wp-block-column-is-layout-flow\">\n<figure class=\"wp-block-image is-resized has-lightbox\"><a href=\"https:\/\/www.instagram.com\/hugoscurto_\/\" style=\"color:#000000;\" target=\"_blank\" rel=\" noreferrer noopener\"><img data-recalc-dims=\"1\" loading=\"lazy\" decoding=\"async\" width=\"300\" height=\"300\" data-attachment-id=\"7121\" data-permalink=\"https:\/\/hugoscurto.com\/en\/about\/instagram-logo\/\" data-orig-file=\"https:\/\/i0.wp.com\/hugoscurto.com\/wp-content\/uploads\/2024\/05\/instagram-logo.png?fit=512%2C512&amp;ssl=1\" data-orig-size=\"512,512\" data-comments-opened=\"0\" data-image-meta=\"{&quot;aperture&quot;:&quot;0&quot;,&quot;credit&quot;:&quot;&quot;,&quot;camera&quot;:&quot;&quot;,&quot;caption&quot;:&quot;&quot;,&quot;created_timestamp&quot;:&quot;0&quot;,&quot;copyright&quot;:&quot;&quot;,&quot;focal_length&quot;:&quot;0&quot;,&quot;iso&quot;:&quot;0&quot;,&quot;shutter_speed&quot;:&quot;0&quot;,&quot;title&quot;:&quot;&quot;,&quot;orientation&quot;:&quot;0&quot;}\" data-image-title=\"instagram-logo\" data-image-description=\"\" data-image-caption=\"\" data-large-file=\"https:\/\/i0.wp.com\/hugoscurto.com\/wp-content\/uploads\/2024\/05\/instagram-logo.png?fit=512%2C512&amp;ssl=1\" src=\"https:\/\/i0.wp.com\/hugoscurto.com\/wp-content\/uploads\/2024\/05\/instagram-logo.png?resize=300%2C300&#038;ssl=1\" alt=\"\" class=\"wp-image-7121\" style=\"width:20px;height:auto\" srcset=\"https:\/\/i0.wp.com\/hugoscurto.com\/wp-content\/uploads\/2024\/05\/instagram-logo.png?resize=300%2C300&amp;ssl=1 300w, https:\/\/i0.wp.com\/hugoscurto.com\/wp-content\/uploads\/2024\/05\/instagram-logo.png?resize=150%2C150&amp;ssl=1 150w, https:\/\/i0.wp.com\/hugoscurto.com\/wp-content\/uploads\/2024\/05\/instagram-logo.png?resize=12%2C12&amp;ssl=1 12w, https:\/\/i0.wp.com\/hugoscurto.com\/wp-content\/uploads\/2024\/05\/instagram-logo.png?resize=400%2C400&amp;ssl=1 400w, https:\/\/i0.wp.com\/hugoscurto.com\/wp-content\/uploads\/2024\/05\/instagram-logo.png?resize=200%2C200&amp;ssl=1 200w, https:\/\/i0.wp.com\/hugoscurto.com\/wp-content\/uploads\/2024\/05\/instagram-logo.png?resize=50%2C50&amp;ssl=1 50w, https:\/\/i0.wp.com\/hugoscurto.com\/wp-content\/uploads\/2024\/05\/instagram-logo.png?w=512&amp;ssl=1 512w\" sizes=\"auto, (max-width: 300px) 100vw, 300px\" \/><\/a><\/figure>\n<\/div>\n\n\n\n<div class=\"wp-block-column is-vertically-aligned-top is-layout-flow wp-block-column-is-layout-flow\">\n<figure class=\"wp-block-image is-resized has-lightbox\"><a href=\"https:\/\/github.com\/hugoscurto\" style=\"color:#000000;\" target=\"_blank\" rel=\" noreferrer noopener\"><img data-recalc-dims=\"1\" loading=\"lazy\" decoding=\"async\" width=\"230\" height=\"225\" data-attachment-id=\"7122\" data-permalink=\"https:\/\/hugoscurto.com\/en\/about\/github-mark-white\/\" data-orig-file=\"https:\/\/i0.wp.com\/hugoscurto.com\/wp-content\/uploads\/2024\/05\/github-mark-white.png?fit=230%2C225&amp;ssl=1\" data-orig-size=\"230,225\" data-comments-opened=\"0\" data-image-meta=\"{&quot;aperture&quot;:&quot;0&quot;,&quot;credit&quot;:&quot;&quot;,&quot;camera&quot;:&quot;&quot;,&quot;caption&quot;:&quot;&quot;,&quot;created_timestamp&quot;:&quot;0&quot;,&quot;copyright&quot;:&quot;&quot;,&quot;focal_length&quot;:&quot;0&quot;,&quot;iso&quot;:&quot;0&quot;,&quot;shutter_speed&quot;:&quot;0&quot;,&quot;title&quot;:&quot;&quot;,&quot;orientation&quot;:&quot;0&quot;}\" data-image-title=\"github-mark-white\" data-image-description=\"\" data-image-caption=\"\" data-large-file=\"https:\/\/i0.wp.com\/hugoscurto.com\/wp-content\/uploads\/2024\/05\/github-mark-white.png?fit=230%2C225&amp;ssl=1\" src=\"https:\/\/i0.wp.com\/hugoscurto.com\/wp-content\/uploads\/2024\/05\/github-mark-white.png?resize=230%2C225&#038;ssl=1\" alt=\"\" class=\"wp-image-7122\" style=\"aspect-ratio:1.022263979339916;width:20px;height:auto\" srcset=\"https:\/\/i0.wp.com\/hugoscurto.com\/wp-content\/uploads\/2024\/05\/github-mark-white.png?w=230&amp;ssl=1 230w, https:\/\/i0.wp.com\/hugoscurto.com\/wp-content\/uploads\/2024\/05\/github-mark-white.png?resize=150%2C147&amp;ssl=1 150w, https:\/\/i0.wp.com\/hugoscurto.com\/wp-content\/uploads\/2024\/05\/github-mark-white.png?resize=12%2C12&amp;ssl=1 12w, https:\/\/i0.wp.com\/hugoscurto.com\/wp-content\/uploads\/2024\/05\/github-mark-white.png?resize=50%2C50&amp;ssl=1 50w\" sizes=\"auto, (max-width: 230px) 100vw, 230px\" \/><\/a><\/figure>\n<\/div>\n\n\n\n<div class=\"wp-block-column is-vertically-aligned-top is-layout-flow wp-block-column-is-layout-flow\">\n<figure class=\"wp-block-image is-resized has-lightbox\"><a href=\"https:\/\/vimeo.com\/hugoscurto\" style=\"color:#000000;\" target=\"_blank\" rel=\" noreferrer noopener\"><img data-recalc-dims=\"1\" loading=\"lazy\" decoding=\"async\" width=\"300\" height=\"260\" data-attachment-id=\"7124\" data-permalink=\"https:\/\/hugoscurto.com\/en\/about\/vimeo-icon-512x444-8h4tlxrv\/\" data-orig-file=\"https:\/\/i0.wp.com\/hugoscurto.com\/wp-content\/uploads\/2024\/05\/vimeo-icon-512x444-8h4tlxrv.png?fit=512%2C444&amp;ssl=1\" data-orig-size=\"512,444\" data-comments-opened=\"0\" data-image-meta=\"{&quot;aperture&quot;:&quot;0&quot;,&quot;credit&quot;:&quot;&quot;,&quot;camera&quot;:&quot;&quot;,&quot;caption&quot;:&quot;&quot;,&quot;created_timestamp&quot;:&quot;0&quot;,&quot;copyright&quot;:&quot;&quot;,&quot;focal_length&quot;:&quot;0&quot;,&quot;iso&quot;:&quot;0&quot;,&quot;shutter_speed&quot;:&quot;0&quot;,&quot;title&quot;:&quot;&quot;,&quot;orientation&quot;:&quot;0&quot;}\" data-image-title=\"vimeo-icon-512&amp;#215;444-8h4tlxrv\" data-image-description=\"\" data-image-caption=\"\" data-large-file=\"https:\/\/i0.wp.com\/hugoscurto.com\/wp-content\/uploads\/2024\/05\/vimeo-icon-512x444-8h4tlxrv.png?fit=512%2C444&amp;ssl=1\" src=\"https:\/\/i0.wp.com\/hugoscurto.com\/wp-content\/uploads\/2024\/05\/vimeo-icon-512x444-8h4tlxrv.png?resize=300%2C260&#038;ssl=1\" alt=\"\" class=\"wp-image-7124\" style=\"aspect-ratio:1.1537780529094117;width:23px;height:auto\" srcset=\"https:\/\/i0.wp.com\/hugoscurto.com\/wp-content\/uploads\/2024\/05\/vimeo-icon-512x444-8h4tlxrv.png?resize=300%2C260&amp;ssl=1 300w, https:\/\/i0.wp.com\/hugoscurto.com\/wp-content\/uploads\/2024\/05\/vimeo-icon-512x444-8h4tlxrv.png?resize=150%2C130&amp;ssl=1 150w, https:\/\/i0.wp.com\/hugoscurto.com\/wp-content\/uploads\/2024\/05\/vimeo-icon-512x444-8h4tlxrv.png?resize=14%2C12&amp;ssl=1 14w, https:\/\/i0.wp.com\/hugoscurto.com\/wp-content\/uploads\/2024\/05\/vimeo-icon-512x444-8h4tlxrv.png?w=512&amp;ssl=1 512w\" sizes=\"auto, (max-width: 300px) 100vw, 300px\" \/><\/a><\/figure>\n<\/div>\n\n\n\n<div class=\"wp-block-column is-vertically-aligned-top is-layout-flow wp-block-column-is-layout-flow\">\n<figure class=\"wp-block-image is-resized has-lightbox\"><a href=\"https:\/\/www.linkedin.com\/in\/hugoscurto\/\" style=\"color:#000000;\" target=\"_blank\" rel=\" noreferrer noopener\"><img data-recalc-dims=\"1\" loading=\"lazy\" decoding=\"async\" width=\"256\" height=\"256\" data-attachment-id=\"7126\" data-permalink=\"https:\/\/hugoscurto.com\/en\/about\/linkedin-xxl\/\" data-orig-file=\"https:\/\/i0.wp.com\/hugoscurto.com\/wp-content\/uploads\/2024\/05\/linkedin-xxl.png?fit=256%2C256&amp;ssl=1\" data-orig-size=\"256,256\" data-comments-opened=\"0\" data-image-meta=\"{&quot;aperture&quot;:&quot;0&quot;,&quot;credit&quot;:&quot;&quot;,&quot;camera&quot;:&quot;&quot;,&quot;caption&quot;:&quot;&quot;,&quot;created_timestamp&quot;:&quot;0&quot;,&quot;copyright&quot;:&quot;&quot;,&quot;focal_length&quot;:&quot;0&quot;,&quot;iso&quot;:&quot;0&quot;,&quot;shutter_speed&quot;:&quot;0&quot;,&quot;title&quot;:&quot;&quot;,&quot;orientation&quot;:&quot;0&quot;}\" data-image-title=\"linkedin-xxl\" data-image-description=\"\" data-image-caption=\"\" data-large-file=\"https:\/\/i0.wp.com\/hugoscurto.com\/wp-content\/uploads\/2024\/05\/linkedin-xxl.png?fit=256%2C256&amp;ssl=1\" src=\"https:\/\/i0.wp.com\/hugoscurto.com\/wp-content\/uploads\/2024\/05\/linkedin-xxl.png?resize=256%2C256&#038;ssl=1\" alt=\"\" class=\"wp-image-7126\" style=\"width:20px;height:auto\" srcset=\"https:\/\/i0.wp.com\/hugoscurto.com\/wp-content\/uploads\/2024\/05\/linkedin-xxl.png?w=256&amp;ssl=1 256w, https:\/\/i0.wp.com\/hugoscurto.com\/wp-content\/uploads\/2024\/05\/linkedin-xxl.png?resize=150%2C150&amp;ssl=1 150w, https:\/\/i0.wp.com\/hugoscurto.com\/wp-content\/uploads\/2024\/05\/linkedin-xxl.png?resize=12%2C12&amp;ssl=1 12w, https:\/\/i0.wp.com\/hugoscurto.com\/wp-content\/uploads\/2024\/05\/linkedin-xxl.png?resize=200%2C200&amp;ssl=1 200w, https:\/\/i0.wp.com\/hugoscurto.com\/wp-content\/uploads\/2024\/05\/linkedin-xxl.png?resize=50%2C50&amp;ssl=1 50w\" sizes=\"auto, (max-width: 256px) 100vw, 256px\" \/><\/a><\/figure>\n<\/div>\n\n\n\n<div class=\"wp-block-column is-vertically-aligned-top is-layout-flow wp-block-column-is-layout-flow\">\n<figure class=\"wp-block-image is-resized has-lightbox\"><a href=\"https:\/\/scholar.google.fr\/citations?user=KCjDPM0AAAAJ\" style=\"color:#000000;\" target=\"_blank\" rel=\" noreferrer noopener\"><img data-recalc-dims=\"1\" loading=\"lazy\" decoding=\"async\" width=\"300\" height=\"257\" data-attachment-id=\"7129\" data-permalink=\"https:\/\/hugoscurto.com\/en\/about\/pngitem_327488\/\" data-orig-file=\"https:\/\/i0.wp.com\/hugoscurto.com\/wp-content\/uploads\/2024\/05\/PngItem_327488.png?fit=1534%2C1312&amp;ssl=1\" data-orig-size=\"1534,1312\" data-comments-opened=\"0\" data-image-meta=\"{&quot;aperture&quot;:&quot;0&quot;,&quot;credit&quot;:&quot;&quot;,&quot;camera&quot;:&quot;&quot;,&quot;caption&quot;:&quot;&quot;,&quot;created_timestamp&quot;:&quot;0&quot;,&quot;copyright&quot;:&quot;&quot;,&quot;focal_length&quot;:&quot;0&quot;,&quot;iso&quot;:&quot;0&quot;,&quot;shutter_speed&quot;:&quot;0&quot;,&quot;title&quot;:&quot;&quot;,&quot;orientation&quot;:&quot;0&quot;}\" data-image-title=\"PngItem_327488\" data-image-description=\"\" data-image-caption=\"\" data-large-file=\"https:\/\/i0.wp.com\/hugoscurto.com\/wp-content\/uploads\/2024\/05\/PngItem_327488.png?fit=924%2C790&amp;ssl=1\" src=\"https:\/\/i0.wp.com\/hugoscurto.com\/wp-content\/uploads\/2024\/05\/PngItem_327488.png?resize=300%2C257&#038;ssl=1\" alt=\"\" class=\"wp-image-7129\" style=\"aspect-ratio:1.1674126534071756;width:23px;height:auto\" srcset=\"https:\/\/i0.wp.com\/hugoscurto.com\/wp-content\/uploads\/2024\/05\/PngItem_327488.png?resize=300%2C257&amp;ssl=1 300w, https:\/\/i0.wp.com\/hugoscurto.com\/wp-content\/uploads\/2024\/05\/PngItem_327488.png?resize=1024%2C876&amp;ssl=1 1024w, https:\/\/i0.wp.com\/hugoscurto.com\/wp-content\/uploads\/2024\/05\/PngItem_327488.png?resize=150%2C128&amp;ssl=1 150w, https:\/\/i0.wp.com\/hugoscurto.com\/wp-content\/uploads\/2024\/05\/PngItem_327488.png?resize=768%2C657&amp;ssl=1 768w, https:\/\/i0.wp.com\/hugoscurto.com\/wp-content\/uploads\/2024\/05\/PngItem_327488.png?resize=14%2C12&amp;ssl=1 14w, https:\/\/i0.wp.com\/hugoscurto.com\/wp-content\/uploads\/2024\/05\/PngItem_327488.png?resize=1200%2C1026&amp;ssl=1 1200w, https:\/\/i0.wp.com\/hugoscurto.com\/wp-content\/uploads\/2024\/05\/PngItem_327488.png?resize=924%2C790&amp;ssl=1 924w, https:\/\/i0.wp.com\/hugoscurto.com\/wp-content\/uploads\/2024\/05\/PngItem_327488.png?resize=671%2C574&amp;ssl=1 671w, https:\/\/i0.wp.com\/hugoscurto.com\/wp-content\/uploads\/2024\/05\/PngItem_327488.png?w=1534&amp;ssl=1 1534w\" sizes=\"auto, (max-width: 300px) 100vw, 300px\" \/><\/a><\/figure>\n<\/div>\n\n\n\n<div class=\"wp-block-column is-vertically-aligned-top is-layout-flow wp-block-column-is-layout-flow\">\n<figure class=\"wp-block-image is-resized has-lightbox\"><a href=\"https:\/\/soundcloud.com\/hugoscurto\" style=\"color:#000000;\" target=\"_blank\" rel=\" noreferrer noopener\"><img data-recalc-dims=\"1\" loading=\"lazy\" decoding=\"async\" width=\"300\" height=\"130\" data-attachment-id=\"7130\" data-permalink=\"https:\/\/hugoscurto.com\/en\/about\/soundcloud-icon-2048x888-k4c33ssc\/\" data-orig-file=\"https:\/\/i0.wp.com\/hugoscurto.com\/wp-content\/uploads\/2024\/05\/soundcloud-icon-2048x888-k4c33ssc.png?fit=2048%2C888&amp;ssl=1\" data-orig-size=\"2048,888\" data-comments-opened=\"0\" data-image-meta=\"{&quot;aperture&quot;:&quot;0&quot;,&quot;credit&quot;:&quot;&quot;,&quot;camera&quot;:&quot;&quot;,&quot;caption&quot;:&quot;&quot;,&quot;created_timestamp&quot;:&quot;0&quot;,&quot;copyright&quot;:&quot;&quot;,&quot;focal_length&quot;:&quot;0&quot;,&quot;iso&quot;:&quot;0&quot;,&quot;shutter_speed&quot;:&quot;0&quot;,&quot;title&quot;:&quot;&quot;,&quot;orientation&quot;:&quot;0&quot;}\" data-image-title=\"soundcloud-icon-2048&amp;#215;888-k4c33ssc\" data-image-description=\"\" data-image-caption=\"\" data-large-file=\"https:\/\/i0.wp.com\/hugoscurto.com\/wp-content\/uploads\/2024\/05\/soundcloud-icon-2048x888-k4c33ssc.png?fit=924%2C401&amp;ssl=1\" src=\"https:\/\/i0.wp.com\/hugoscurto.com\/wp-content\/uploads\/2024\/05\/soundcloud-icon-2048x888-k4c33ssc.png?resize=300%2C130&#038;ssl=1\" alt=\"\" class=\"wp-image-7130\" style=\"aspect-ratio:2.3079646100870215;width:46px;height:auto\" srcset=\"https:\/\/i0.wp.com\/hugoscurto.com\/wp-content\/uploads\/2024\/05\/soundcloud-icon-2048x888-k4c33ssc.png?resize=300%2C130&amp;ssl=1 300w, https:\/\/i0.wp.com\/hugoscurto.com\/wp-content\/uploads\/2024\/05\/soundcloud-icon-2048x888-k4c33ssc.png?resize=1024%2C444&amp;ssl=1 1024w, https:\/\/i0.wp.com\/hugoscurto.com\/wp-content\/uploads\/2024\/05\/soundcloud-icon-2048x888-k4c33ssc.png?resize=150%2C65&amp;ssl=1 150w, https:\/\/i0.wp.com\/hugoscurto.com\/wp-content\/uploads\/2024\/05\/soundcloud-icon-2048x888-k4c33ssc.png?resize=768%2C333&amp;ssl=1 768w, https:\/\/i0.wp.com\/hugoscurto.com\/wp-content\/uploads\/2024\/05\/soundcloud-icon-2048x888-k4c33ssc.png?resize=1536%2C666&amp;ssl=1 1536w, https:\/\/i0.wp.com\/hugoscurto.com\/wp-content\/uploads\/2024\/05\/soundcloud-icon-2048x888-k4c33ssc.png?resize=18%2C8&amp;ssl=1 18w, https:\/\/i0.wp.com\/hugoscurto.com\/wp-content\/uploads\/2024\/05\/soundcloud-icon-2048x888-k4c33ssc.png?resize=1200%2C520&amp;ssl=1 1200w, https:\/\/i0.wp.com\/hugoscurto.com\/wp-content\/uploads\/2024\/05\/soundcloud-icon-2048x888-k4c33ssc.png?resize=924%2C401&amp;ssl=1 924w, https:\/\/i0.wp.com\/hugoscurto.com\/wp-content\/uploads\/2024\/05\/soundcloud-icon-2048x888-k4c33ssc.png?resize=671%2C291&amp;ssl=1 671w, https:\/\/i0.wp.com\/hugoscurto.com\/wp-content\/uploads\/2024\/05\/soundcloud-icon-2048x888-k4c33ssc.png?w=2048&amp;ssl=1 2048w, https:\/\/i0.wp.com\/hugoscurto.com\/wp-content\/uploads\/2024\/05\/soundcloud-icon-2048x888-k4c33ssc.png?w=1848&amp;ssl=1 1848w\" sizes=\"auto, (max-width: 300px) 100vw, 300px\" \/><\/a><\/figure>\n<\/div>\n<\/div>\n","protected":false},"excerpt":{"rendered":"<p>\u00b0 Col sugiton photo souvenir, Claude Gouron, 2022. url contact An artist, designer &amp; researcher born 1993 in Marseille, Hugo Scurto listens to, observes and learns from other livings, during workshops, residencies, errantries and performances. With and throughout these encounters, they craft digital music dispositifs, by carefully entangling artificial intelligence with collected materials. Their hybrid [&hellip;]<\/p>\n","protected":false},"author":97209351,"featured_media":0,"parent":0,"menu_order":0,"comment_status":"closed","ping_status":"closed","template":"","meta":{"_coblocks_attr":"","_coblocks_dimensions":"","_coblocks_responsive_height":"","_coblocks_accordion_ie_support":"","_crdt_document":"","advanced_seo_description":"","jetpack_seo_html_title":"","jetpack_seo_noindex":false,"footnotes":""},"class_list":["post-1","page","type-page","status-publish","hentry"],"jetpack_likes_enabled":false,"jetpack_sharing_enabled":false,"jetpack_shortlink":"https:\/\/wp.me\/P6VuIE-1","amp_enabled":false,"_links":{"self":[{"href":"https:\/\/hugoscurto.com\/en\/wp-json\/wp\/v2\/pages\/1","targetHints":{"allow":["GET"]}}],"collection":[{"href":"https:\/\/hugoscurto.com\/en\/wp-json\/wp\/v2\/pages"}],"about":[{"href":"https:\/\/hugoscurto.com\/en\/wp-json\/wp\/v2\/types\/page"}],"author":[{"embeddable":true,"href":"https:\/\/hugoscurto.com\/en\/wp-json\/wp\/v2\/users\/97209351"}],"replies":[{"embeddable":true,"href":"https:\/\/hugoscurto.com\/en\/wp-json\/wp\/v2\/comments?post=1"}],"version-history":[{"count":100,"href":"https:\/\/hugoscurto.com\/en\/wp-json\/wp\/v2\/pages\/1\/revisions"}],"predecessor-version":[{"id":8700,"href":"https:\/\/hugoscurto.com\/en\/wp-json\/wp\/v2\/pages\/1\/revisions\/8700"}],"wp:attachment":[{"href":"https:\/\/hugoscurto.com\/en\/wp-json\/wp\/v2\/media?parent=1"}],"curies":[{"name":"wp","href":"https:\/\/api.w.org\/{rel}","templated":true}]}}